{"id":9,"date":"2017-03-10T00:06:39","date_gmt":"2017-03-09T23:06:39","guid":{"rendered":"http:\/\/vosges-planeurs.net\/?page_id=9"},"modified":"2025-12-01T22:15:45","modified_gmt":"2025-12-01T21:15:45","slug":"contact-2","status":"publish","type":"page","link":"https:\/\/vosges-planeurs.net\/?page_id=9","title":{"rendered":"Vol d\u00e9couverte \/ bapt\u00eame"},"content":{"rendered":"<p style=\"text-align: left;\"><strong>Venez d\u00e9couvrir les Vosges vue du ciel lors d&rsquo;un bapt\u00eame de l&rsquo;air en planeur ! Le planeur, c&rsquo;est cet avion tr\u00e8s fin qui n&rsquo;a pas de moteur et qui vole sur de tr\u00e8s grandes distances en conservant une altitude \u00e9lev\u00e9e gr\u00e2ce \u00e0 son a\u00e9rodynamisme. Tout est \u00e9tudi\u00e9 sur cet a\u00e9rodyne pour une qualit\u00e9 de vol optimale: la voilure qui assure la portance et la maitrise des axes, le fuselage qui permet d&#8217;embarquer les passagers et les empennages qui servent \u00e0 la stabilit\u00e9. <\/strong><\/p>\n<p style=\"text-align: left;\"><strong>Pour d\u00e9coller, on utilise le remorquage par un ULM, une fois que le planeur est assez haut, on largue le c\u00e2ble et c&rsquo;est parti pour un vol libre tout en douceur!\u00a0 <\/strong><\/p>\n<p style=\"text-align: left;\"><strong>Toutes les conditions de s\u00e9curit\u00e9 sont r\u00e9unies pour que votre vol en planeur se d\u00e9roule \u00e0 merveille ! <\/strong><\/p>\n<p style=\"text-align: left;\"><strong>Contactez nous pour prendre rendez vous! A bient\u00f4t!<br \/>\n<\/strong><\/p>\n<blockquote>\n<h3><em>Faire un vol :<\/em><\/h3>\n<\/blockquote>\n<p>Un vol d&rsquo;initiation en planeur dure entre 20 et 30 minutes, pendant lesquelles vous profiterez de ce type de vol tr\u00e8s particulier, souple et silencieux qui vous permettra d&rsquo;admirer les Vosges vue du ciel.<\/p>\n<p>Pour offrir et\/ou faire un vol d&rsquo;initiation en planeur, c&rsquo;est tr\u00e8s simple. Il n&rsquo;est pas n\u00e9cessaire de fixer une date longtemps \u00e0 l&rsquo;avance, puisque notre activit\u00e9 d\u00e9pend \u00e9norm\u00e9ment de la m\u00e9t\u00e9o qui s&rsquo;av\u00e8re, comme chacun sait, difficile \u00e0 pr\u00e9voir&#8230; Il vous suffit donc d&rsquo;appeler ou nous envoyer un message (via Facebook par exemple) quelques jours avant si possible afin de v\u00e9rifier qu&rsquo;un pilote et un planeur seront disponibles pour vous emmener et \u00e9galement pour nous permettre de nous organiser.<\/p>\n<p>L&rsquo;id\u00e9al est bien s\u00fbr de choisir un jour de beau temps, mais il est \u00e9galement possible de voler m\u00eame si le temps est un peu moins bon. De toute fa\u00e7on, si les conditions ne permettent pas de faire le vol, cela vous sera indiqu\u00e9 lorsque vous t\u00e9l\u00e9phonerez pour pr\u00e9venir de votre arriv\u00e9e et il suffira de reporter les vols \u00e0 plus tard.<\/p>\n<p>Par t\u00e9l\u00e9phone ou message nous conviendrons d&rsquo;un rendez vous pour vous permettre d&rsquo;acheter un bon pour effectuer ou offrir un vol en planeur. Ce bon peut vous \u00eatre envoy\u00e9 par voie postale ou achet\u00e9 le jour m\u00eame du vol.<\/p>\n<p class=\"couleur_bleue\"><em>Informations et prix des V.I.<\/em> (Vol d&rsquo;Initiation ou Bapt\u00eame de l&rsquo;air en planeur)<\/p>\n<p><strong>Le prix du vol est 100<span class=\"couleur_bleue\">\u20ac<\/span><\/strong><\/p>\n<p>Une feuille assurance comprise dans le prix du vol sera remplie et sign\u00e9e par l&rsquo;adh\u00e9rent honoraire avant le d\u00e9collage.<\/p>\n<p>Ce vol sera effectu\u00e9 soit par un pilote \u00ab\u00a0autoris\u00e9 V.I.\u00a0\u00bb c&rsquo;est a dire un pilote exp\u00e9riment\u00e9 et volant r\u00e9guli\u00e8rement, soit par un instructeur.<\/p>\n<p><em>R\u00e9servation via:<\/em><\/p>\n<p>\u2022 Plateforme de r\u00e9servation et paiement en ligne:<br \/>\n<a href=\"https:\/\/www.payassociation.fr\/vosges-planeurs\/paiement-des-vi\">https:\/\/www.payassociation.fr\/vosges-planeurs\/paiement<\/a><br \/>\n\u2022 \u00a0Scan du QRcode<br \/>\n<strong><img loading=\"lazy\" class=\"wp-image-5739 alignleft\" src=\"http:\/\/vosges-planeurs.net\/wp-content\/uploads\/2017\/03\/CEF96317-5248-4DCF-B25B-A6333BCFC639.png\" alt=\"\" width=\"100\" height=\"100\" srcset=\"https:\/\/vosges-planeurs.net\/wp-content\/uploads\/2017\/03\/CEF96317-5248-4DCF-B25B-A6333BCFC639.png 320w, https:\/\/vosges-planeurs.net\/wp-content\/uploads\/2017\/03\/CEF96317-5248-4DCF-B25B-A6333BCFC639-150x150.png 150w, https:\/\/vosges-planeurs.net\/wp-content\/uploads\/2017\/03\/CEF96317-5248-4DCF-B25B-A6333BCFC639-300x300.png 300w, https:\/\/vosges-planeurs.net\/wp-content\/uploads\/2017\/03\/CEF96317-5248-4DCF-B25B-A6333BCFC639-250x250.png 250w, https:\/\/vosges-planeurs.net\/wp-content\/uploads\/2017\/03\/CEF96317-5248-4DCF-B25B-A6333BCFC639-174x174.png 174w\" sizes=\"(max-width: 100px) 100vw, 100px\" \/><\/strong><\/p>\n<p>\u2022 \u00a0T\u00e9l\u00e9phone: 07 60 08 04 71\u00a0 (attention le num\u00e9ro sur payasso n&rsquo;est plus valide, bien utiliser se num\u00e9ro)<\/p>\n<p>\u2022 \u00a0Facebook: <a href=\"https:\/\/www.facebook.com\/Vosges-Planeurs-444027965714498\/?fref=ts\" target=\"_blank\" rel=\"noopener noreferrer\">https:\/\/www.facebook.com\/Vosges-Planeurs-444027965714498\/?fref=ts<\/a><\/p>\n<p><strong>Adresse<\/strong><\/p>\n<p>A\u00e9rodrome Epinal Dogneville<\/p>\n<p>160 route de l&rsquo;aviation<br \/>\n88000 DOGNEVILLE<\/p>\n<p><strong>T\u00e9l\u00e9phone<\/strong><br \/>\n<strong>07 60 08 04 71\u00a0<img loading=\"lazy\" class=\"aligncenter wp-image-157\" src=\"http:\/\/vosges-planeurs.net\/wp-content\/uploads\/2017\/03\/IMG_2169.jpg\" alt=\"\" width=\"1127\" height=\"845\" srcset=\"https:\/\/vosges-planeurs.net\/wp-content\/uploads\/2017\/03\/IMG_2169.jpg 4000w, https:\/\/vosges-planeurs.net\/wp-content\/uploads\/2017\/03\/IMG_2169-300x225.jpg 300w, https:\/\/vosges-planeurs.net\/wp-content\/uploads\/2017\/03\/IMG_2169-768x576.jpg 768w, https:\/\/vosges-planeurs.net\/wp-content\/uploads\/2017\/03\/IMG_2169-1024x768.jpg 1024w, https:\/\/vosges-planeurs.net\/wp-content\/uploads\/2017\/03\/IMG_2169-285x214.jpg 285w\" sizes=\"(max-width: 1127px) 100vw, 1127px\" \/><\/strong><\/p>\n","protected":false},"excerpt":{"rendered":"<p>Venez d\u00e9couvrir les Vosges vue du ciel lors d&rsquo;un bapt\u00eame de l&rsquo;air en planeur ! Le planeur, c&rsquo;est cet avion tr\u00e8s fin qui n&rsquo;a pas de moteur et qui vole sur de tr\u00e8s grandes distances en conservant une altitude \u00e9lev\u00e9e gr\u00e2ce \u00e0 son a\u00e9rodynamisme. Tout est \u00e9tudi\u00e9 sur cet a\u00e9rodyne pour une qualit\u00e9 de vol <a href=\"https:\/\/vosges-planeurs.net\/?page_id=9\" rel=\"nofollow\"><span class=\"sr-only\">Read more about Vol d\u00e9couverte \/ bapt\u00eame<\/span>[&hellip;]<\/a><\/p>\n","protected":false},"author":1,"featured_media":81,"parent":0,"menu_order":0,"comment_status":"closed","ping_status":"closed","template":"","meta":{"spay_email":""},"_links":{"self":[{"href":"https:\/\/vosges-planeurs.net\/index.php?rest_route=\/wp\/v2\/pages\/9"}],"collection":[{"href":"https:\/\/vosges-planeurs.net\/index.php?rest_route=\/wp\/v2\/pages"}],"about":[{"href":"https:\/\/vosges-planeurs.net\/index.php?rest_route=\/wp\/v2\/types\/page"}],"author":[{"embeddable":true,"href":"https:\/\/vosges-planeurs.net\/index.php?rest_route=\/wp\/v2\/users\/1"}],"replies":[{"embeddable":true,"href":"https:\/\/vosges-planeurs.net\/index.php?rest_route=%2Fwp%2Fv2%2Fcomments&post=9"}],"version-history":[{"count":26,"href":"https:\/\/vosges-planeurs.net\/index.php?rest_route=\/wp\/v2\/pages\/9\/revisions"}],"predecessor-version":[{"id":6253,"href":"https:\/\/vosges-planeurs.net\/index.php?rest_route=\/wp\/v2\/pages\/9\/revisions\/6253"}],"wp:featuredmedia":[{"embeddable":true,"href":"https:\/\/vosges-planeurs.net\/index.php?rest_route=\/wp\/v2\/media\/81"}],"wp:attachment":[{"href":"https:\/\/vosges-planeurs.net\/index.php?rest_route=%2Fwp%2Fv2%2Fmedia&parent=9"}],"curies":[{"name":"wp","href":"https:\/\/api.w.org\/{rel}","templated":true}]}}