{"id":504,"date":"2019-01-13T12:42:17","date_gmt":"2019-01-13T11:42:17","guid":{"rendered":"http:\/\/vosges-planeurs.net\/?page_id=504"},"modified":"2021-03-18T19:59:12","modified_gmt":"2021-03-18T18:59:12","slug":"notre-club","status":"publish","type":"page","link":"https:\/\/vosges-planeurs.net\/","title":{"rendered":"Bienvenue"},"content":{"rendered":"<p><img loading=\"lazy\" class=\"size-full wp-image-33 aligncenter\" src=\"http:\/\/vosges-planeurs.net\/wp-content\/uploads\/2017\/03\/cropped-vosgesplaneurs-1.png\" alt=\"\" width=\"2000\" height=\"1200\" srcset=\"https:\/\/vosges-planeurs.net\/wp-content\/uploads\/2017\/03\/cropped-vosgesplaneurs-1.png 2000w, https:\/\/vosges-planeurs.net\/wp-content\/uploads\/2017\/03\/cropped-vosgesplaneurs-1-300x180.png 300w, https:\/\/vosges-planeurs.net\/wp-content\/uploads\/2017\/03\/cropped-vosgesplaneurs-1-768x461.png 768w, https:\/\/vosges-planeurs.net\/wp-content\/uploads\/2017\/03\/cropped-vosgesplaneurs-1-1024x614.png 1024w\" sizes=\"(max-width: 2000px) 100vw, 2000px\" \/><\/p>\n<p><strong>Bienvenue \u00e0 Vosges Planeurs,<\/strong><img loading=\"lazy\" class=\"alignright wp-image-50\" src=\"http:\/\/vosges-planeurs.net\/wp-content\/uploads\/2017\/03\/simulateur.png\" alt=\"\" width=\"219\" height=\"163\" srcset=\"https:\/\/vosges-planeurs.net\/wp-content\/uploads\/2017\/03\/simulateur.png 498w, https:\/\/vosges-planeurs.net\/wp-content\/uploads\/2017\/03\/simulateur-300x223.png 300w\" sizes=\"(max-width: 219px) 100vw, 219px\" \/><\/p>\n<p>Notre club met \u00e0 votre disposition 2 instructeurs, un simulateur de vol, 2 planeurs biplaces et un motoplaneur pour vous faire d\u00e9couvrir le vol \u00e0 voile et vous apprendre \u00e0 piloter. Ensuite 2 planeurs monoplaces seront \u00e0 votre disposition (et bient\u00f4t 3 gr\u00e2ce \u00e0 la restauration de notre \u00ab\u00a0vieille plume\u00a0\u00bb le Super Javelot!)<\/p>\n<p>Le vol \u00e0 voile est un sport d\u2019\u00e9quipe qui se pratique \u00e0 la journ\u00e9e.<\/p>\n<p>Le matin, \u00e0 l\u2019issue du briefing m\u00e9t\u00e9o dans nos locaux, les pilotes se rendent au hangar pour sortir les planeurs du hangar, les d\u00e9-housser, les \u00e9quiper de batteries et de parachutes, les emmener en bout de piste en les tractant avec notre v\u00e9hicule de piste munie d\u2019un gyrophare (il faut aussi un ailier pour tenir l\u2019aile durant ces d\u00e9placements).<\/p>\n<p>Puis d\u00e9jeuner ou casse-cro\u00fbte ensemble, chacun amenant sa \u00ab\u00a0gamelle\u00a0\u00bb.<\/p>\n<p>Durant la journ\u00e9e, il y a aussi du travail en piste, tenue de la planche de vol, accrochage des c\u00e2bles de remorquage, d\u00e9gagement des planeurs pos\u00e9s, etc\u2026 Pour qu\u2019un pilote puisse voler, il faut au moins 2 personnes au sol et un pilote remorqueur.<\/p>\n<p>Les planeurs peuvent faire des vols de plusieurs heures et parcourir des centaines de kilom\u00e8tres si la m\u00e9t\u00e9o est bonne.<\/p>\n<p>En fin de journ\u00e9e, les planeurs sont ramen\u00e9s au hangar, rang\u00e9s et nettoy\u00e9s \u00e0 la peau de chamois, houss\u00e9s et rentr\u00e9s dans le hangar. La journ\u00e9e se termine dans nos locaux pour mettre les batteries en charge, ranger les parachutes, remplir les carnets de vol, etc\u2026 et assez souvent, partager le pot de l&rsquo;amiti\u00e9 en c\u00e9l\u00e9brant les exploits du jour!<\/p>\n<p>Le tout se fait dans une ambiance passionn\u00e9e et sympathique.<\/p>\n<p>N\u2019h\u00e9sitez pas \u00e0 venir faire un \u00ab\u00a0vol d\u00e9couverte\u00a0\u00bb, vous allez adorer\u00a0!<\/p>\n<p><img loading=\"lazy\" class=\"size-full wp-image-70 aligncenter\" src=\"http:\/\/vosges-planeurs.net\/wp-content\/uploads\/2017\/03\/planeursenpiste.png\" alt=\"\" width=\"1606\" height=\"1200\" srcset=\"https:\/\/vosges-planeurs.net\/wp-content\/uploads\/2017\/03\/planeursenpiste.png 1606w, https:\/\/vosges-planeurs.net\/wp-content\/uploads\/2017\/03\/planeursenpiste-300x224.png 300w, https:\/\/vosges-planeurs.net\/wp-content\/uploads\/2017\/03\/planeursenpiste-768x574.png 768w, https:\/\/vosges-planeurs.net\/wp-content\/uploads\/2017\/03\/planeursenpiste-1024x765.png 1024w\" sizes=\"(max-width: 1606px) 100vw, 1606px\" \/><\/p>\n","protected":false},"excerpt":{"rendered":"<p>Bienvenue \u00e0 Vosges Planeurs, Notre club met \u00e0 votre disposition 2 instructeurs, un simulateur de vol, 2 planeurs biplaces et un motoplaneur pour vous faire d\u00e9couvrir le vol \u00e0 voile et vous apprendre \u00e0 piloter. Ensuite 2 planeurs monoplaces seront \u00e0 votre disposition (et bient\u00f4t 3 gr\u00e2ce \u00e0 la restauration de notre \u00ab\u00a0vieille plume\u00a0\u00bb le <a href=\"https:\/\/vosges-planeurs.net\/\" rel=\"nofollow\"><span class=\"sr-only\">Read more about Bienvenue<\/span>[&hellip;]<\/a><\/p>\n","protected":false},"author":2,"featured_media":0,"parent":0,"menu_order":0,"comment_status":"closed","ping_status":"closed","template":"template-frontpage.php","meta":{"spay_email":""},"_links":{"self":[{"href":"https:\/\/vosges-planeurs.net\/index.php?rest_route=\/wp\/v2\/pages\/504"}],"collection":[{"href":"https:\/\/vosges-planeurs.net\/index.php?rest_route=\/wp\/v2\/pages"}],"about":[{"href":"https:\/\/vosges-planeurs.net\/index.php?rest_route=\/wp\/v2\/types\/page"}],"author":[{"embeddable":true,"href":"https:\/\/vosges-planeurs.net\/index.php?rest_route=\/wp\/v2\/users\/2"}],"replies":[{"embeddable":true,"href":"https:\/\/vosges-planeurs.net\/index.php?rest_route=%2Fwp%2Fv2%2Fcomments&post=504"}],"version-history":[{"count":3,"href":"https:\/\/vosges-planeurs.net\/index.php?rest_route=\/wp\/v2\/pages\/504\/revisions"}],"predecessor-version":[{"id":6140,"href":"https:\/\/vosges-planeurs.net\/index.php?rest_route=\/wp\/v2\/pages\/504\/revisions\/6140"}],"wp:attachment":[{"href":"https:\/\/vosges-planeurs.net\/index.php?rest_route=%2Fwp%2Fv2%2Fmedia&parent=504"}],"curies":[{"name":"wp","href":"https:\/\/api.w.org\/{rel}","templated":true}]}}