{"id":494,"date":"2018-09-09T16:17:35","date_gmt":"2018-09-09T14:17:35","guid":{"rendered":"http:\/\/vosges-planeurs.net\/?page_id=494"},"modified":"2026-01-11T11:30:40","modified_gmt":"2026-01-11T10:30:40","slug":"nos-activites","status":"publish","type":"page","link":"https:\/\/vosges-planeurs.net\/?page_id=494","title":{"rendered":"Nos activit\u00e9s"},"content":{"rendered":"<p><em><strong>Ecole de pilotage planeur:<\/strong><\/em><\/p>\n<p>En quelques le\u00e7ons avec un moniteur, vous apprendrez \u00e0 voler, et constaterez que ce n\u2019est pas plus difficile que de conduire une voiture.<\/p>\n<p>Nous avons \u00e0 notre disposition 2 instructeurs exp\u00e9riment\u00e9s chez Vosges Planeurs et ceux ci seront ravis de vous transmettre leur savoir, petit \u00e0 petit vous apprendrez \u00e0 maitriser nos formidables machines que sont les planeurs et vous pourrez par la suite piloter seul!<\/p>\n<ul>\n<li>D\u00e9couverte 3Jours &#8211; 25 ans\u00a0 :\u00a0 300\u20ac\u00a0\u00a0 pack 3 vols max + Licence +Cotisation<\/li>\n<li>D\u00e9couverte 3Jours +25 ans\u00a0 :\u00a0 320\u20ac\u00a0\u00a0 pack 3 vols max + Licence +Cotisation<\/li>\n<li>D\u00e9couverte 6Jours &#8211; 25 ans\u00a0 :\u00a0 500\u20ac\u00a0\u00a0 pack 6 vols max + Licence +Cotisation<\/li>\n<li>D\u00e9couverte 6Jours +25 ans\u00a0 :\u00a0 550\u20ac\u00a0\u00a0 pack 6 vols max + Licence +Cotisation<\/li>\n<\/ul>\n<ul>\n<li>Vol d&rsquo;initiation : 100\u20ac (entre 20 et 30 min)<\/li>\n<\/ul>\n<p><strong>Ecole de pilotage ULM:<\/strong><\/p>\n<p>Nous disposons \u00e9galement d&rsquo;instructeurs ULM, un r\u00e9el atout pour former nos propres pilotes remorqueurs.<\/p>\n<p>Contactez nous pour plus d&rsquo;informations sur la formation de pilote ULM!<\/p>\n<p><strong>Stages de vols d&rsquo;entra\u00eenement :<\/strong><\/p>\n<p><strong>Vols d&rsquo;initiations:<\/strong><\/p>\n<p><strong>Entretien du mat\u00e9riel volant:<\/strong><\/p>\n<ul>\n<li>Pour plus de renseignements contactez nous!<\/li>\n<\/ul>\n","protected":false},"excerpt":{"rendered":"<p>Ecole de pilotage planeur: En quelques le\u00e7ons avec un moniteur, vous apprendrez \u00e0 voler, et constaterez que ce n\u2019est pas plus difficile que de conduire une voiture. Nous avons \u00e0 notre disposition 2 instructeurs exp\u00e9riment\u00e9s chez Vosges Planeurs et ceux ci seront ravis de vous transmettre leur savoir, petit \u00e0 petit vous apprendrez \u00e0 maitriser <a href=\"https:\/\/vosges-planeurs.net\/?page_id=494\" rel=\"nofollow\"><span class=\"sr-only\">Read more about Nos activit\u00e9s<\/span>[&hellip;]<\/a><\/p>\n","protected":false},"author":2,"featured_media":0,"parent":0,"menu_order":0,"comment_status":"closed","ping_status":"closed","template":"","meta":{"spay_email":""},"_links":{"self":[{"href":"https:\/\/vosges-planeurs.net\/index.php?rest_route=\/wp\/v2\/pages\/494"}],"collection":[{"href":"https:\/\/vosges-planeurs.net\/index.php?rest_route=\/wp\/v2\/pages"}],"about":[{"href":"https:\/\/vosges-planeurs.net\/index.php?rest_route=\/wp\/v2\/types\/page"}],"author":[{"embeddable":true,"href":"https:\/\/vosges-planeurs.net\/index.php?rest_route=\/wp\/v2\/users\/2"}],"replies":[{"embeddable":true,"href":"https:\/\/vosges-planeurs.net\/index.php?rest_route=%2Fwp%2Fv2%2Fcomments&post=494"}],"version-history":[{"count":6,"href":"https:\/\/vosges-planeurs.net\/index.php?rest_route=\/wp\/v2\/pages\/494\/revisions"}],"predecessor-version":[{"id":6257,"href":"https:\/\/vosges-planeurs.net\/index.php?rest_route=\/wp\/v2\/pages\/494\/revisions\/6257"}],"wp:attachment":[{"href":"https:\/\/vosges-planeurs.net\/index.php?rest_route=%2Fwp%2Fv2%2Fmedia&parent=494"}],"curies":[{"name":"wp","href":"https:\/\/api.w.org\/{rel}","templated":true}]}}