{"id":490,"date":"2018-09-09T16:14:30","date_gmt":"2018-09-09T14:14:30","guid":{"rendered":"http:\/\/vosges-planeurs.net\/?page_id=490"},"modified":"2026-01-11T11:34:57","modified_gmt":"2026-01-11T10:34:57","slug":"nos-planeurs","status":"publish","type":"page","link":"https:\/\/vosges-planeurs.net\/?page_id=490","title":{"rendered":"Nos planeurs"},"content":{"rendered":"<p>Composition du parc du club :<\/p>\n<p><strong><em>Planeurs biplaces:<\/em><\/strong><\/p>\n<p>Janus B (planeur de performance &#8211; campagne)<img loading=\"lazy\" class=\"alignright wp-image-509 size-full\" src=\"http:\/\/vosges-planeurs.net\/wp-content\/uploads\/2018\/09\/F-CFAS.jpg\" alt=\"\" width=\"2592\" height=\"1936\" srcset=\"https:\/\/vosges-planeurs.net\/wp-content\/uploads\/2018\/09\/F-CFAS.jpg 2592w, https:\/\/vosges-planeurs.net\/wp-content\/uploads\/2018\/09\/F-CFAS-300x224.jpg 300w, https:\/\/vosges-planeurs.net\/wp-content\/uploads\/2018\/09\/F-CFAS-768x574.jpg 768w, https:\/\/vosges-planeurs.net\/wp-content\/uploads\/2018\/09\/F-CFAS-1024x765.jpg 1024w, https:\/\/vosges-planeurs.net\/wp-content\/uploads\/2018\/09\/F-CFAS-285x214.jpg 285w\" sizes=\"(max-width: 2592px) 100vw, 2592px\" \/><\/p>\n<p>ASK-13 (planeur \u00e9cole)<\/p>\n<p><em><strong><img loading=\"lazy\" class=\"alignright size-full wp-image-510\" src=\"http:\/\/vosges-planeurs.net\/wp-content\/uploads\/2018\/09\/F-CYPI.jpg\" alt=\"\" width=\"1846\" height=\"1319\" srcset=\"https:\/\/vosges-planeurs.net\/wp-content\/uploads\/2018\/09\/F-CYPI.jpg 1846w, https:\/\/vosges-planeurs.net\/wp-content\/uploads\/2018\/09\/F-CYPI-300x214.jpg 300w, https:\/\/vosges-planeurs.net\/wp-content\/uploads\/2018\/09\/F-CYPI-768x549.jpg 768w, https:\/\/vosges-planeurs.net\/wp-content\/uploads\/2018\/09\/F-CYPI-1024x732.jpg 1024w\" sizes=\"(max-width: 1846px) 100vw, 1846px\" \/> <\/strong><\/em><\/p>\n<p><em><strong>Planeurs monoplace<\/strong><\/em><em><strong>:<\/strong><\/em><\/p>\n<p>WA-22 Super Javelot<\/p>\n<p><img loading=\"lazy\" class=\"alignright size-full wp-image-6148\" src=\"http:\/\/vosges-planeurs.net\/wp-content\/uploads\/2021\/06\/533DB860-7EF6-4D6B-A5A5-12A0D4BF0C57-scaled.jpeg\" alt=\"\" width=\"2560\" height=\"1920\" srcset=\"https:\/\/vosges-planeurs.net\/wp-content\/uploads\/2021\/06\/533DB860-7EF6-4D6B-A5A5-12A0D4BF0C57-scaled.jpeg 2560w, https:\/\/vosges-planeurs.net\/wp-content\/uploads\/2021\/06\/533DB860-7EF6-4D6B-A5A5-12A0D4BF0C57-300x225.jpeg 300w, https:\/\/vosges-planeurs.net\/wp-content\/uploads\/2021\/06\/533DB860-7EF6-4D6B-A5A5-12A0D4BF0C57-1024x768.jpeg 1024w, https:\/\/vosges-planeurs.net\/wp-content\/uploads\/2021\/06\/533DB860-7EF6-4D6B-A5A5-12A0D4BF0C57-768x576.jpeg 768w, https:\/\/vosges-planeurs.net\/wp-content\/uploads\/2021\/06\/533DB860-7EF6-4D6B-A5A5-12A0D4BF0C57-1536x1152.jpeg 1536w, https:\/\/vosges-planeurs.net\/wp-content\/uploads\/2021\/06\/533DB860-7EF6-4D6B-A5A5-12A0D4BF0C57-2048x1536.jpeg 2048w, https:\/\/vosges-planeurs.net\/wp-content\/uploads\/2021\/06\/533DB860-7EF6-4D6B-A5A5-12A0D4BF0C57-285x214.jpeg 285w\" sizes=\"(max-width: 2560px) 100vw, 2560px\" \/><\/p>\n<p><em><strong>LS1-D<\/strong><\/em><\/p>\n<p><img loading=\"lazy\" class=\"alignright size-full wp-image-511\" src=\"http:\/\/vosges-planeurs.net\/wp-content\/uploads\/2018\/09\/D-0664.jpg\" alt=\"\" width=\"2592\" height=\"1936\" srcset=\"https:\/\/vosges-planeurs.net\/wp-content\/uploads\/2018\/09\/D-0664.jpg 2592w, https:\/\/vosges-planeurs.net\/wp-content\/uploads\/2018\/09\/D-0664-300x224.jpg 300w, https:\/\/vosges-planeurs.net\/wp-content\/uploads\/2018\/09\/D-0664-768x574.jpg 768w, https:\/\/vosges-planeurs.net\/wp-content\/uploads\/2018\/09\/D-0664-1024x765.jpg 1024w, https:\/\/vosges-planeurs.net\/wp-content\/uploads\/2018\/09\/D-0664-285x214.jpg 285w\" sizes=\"(max-width: 2592px) 100vw, 2592px\" \/><\/p>\n<p><strong>LS3<\/strong><\/p>\n<p><em><strong><img loading=\"lazy\" class=\"alignright size-full wp-image-512\" src=\"http:\/\/vosges-planeurs.net\/wp-content\/uploads\/2018\/09\/F-CESH.jpg\" alt=\"\" width=\"3264\" height=\"2448\" srcset=\"https:\/\/vosges-planeurs.net\/wp-content\/uploads\/2018\/09\/F-CESH.jpg 3264w, https:\/\/vosges-planeurs.net\/wp-content\/uploads\/2018\/09\/F-CESH-300x225.jpg 300w, https:\/\/vosges-planeurs.net\/wp-content\/uploads\/2018\/09\/F-CESH-768x576.jpg 768w, https:\/\/vosges-planeurs.net\/wp-content\/uploads\/2018\/09\/F-CESH-1024x768.jpg 1024w, https:\/\/vosges-planeurs.net\/wp-content\/uploads\/2018\/09\/F-CESH-285x214.jpg 285w\" sizes=\"(max-width: 3264px) 100vw, 3264px\" \/><br \/>\n<\/strong><\/em><\/p>\n<p><em><strong>Planeur motoris\u00e9:<\/strong><\/em><\/p>\n<p>SF25<\/p>\n<p><img loading=\"lazy\" class=\"alignright size-full wp-image-515\" src=\"http:\/\/vosges-planeurs.net\/wp-content\/uploads\/2018\/09\/F-COAG.jpg\" alt=\"\" width=\"1280\" height=\"720\" srcset=\"https:\/\/vosges-planeurs.net\/wp-content\/uploads\/2018\/09\/F-COAG.jpg 1280w, https:\/\/vosges-planeurs.net\/wp-content\/uploads\/2018\/09\/F-COAG-300x169.jpg 300w, https:\/\/vosges-planeurs.net\/wp-content\/uploads\/2018\/09\/F-COAG-768x432.jpg 768w, https:\/\/vosges-planeurs.net\/wp-content\/uploads\/2018\/09\/F-COAG-1024x576.jpg 1024w\" sizes=\"(max-width: 1280px) 100vw, 1280px\" \/><\/p>\n<p><strong><em>Planeurs priv\u00e9s:<\/em><\/strong><\/p>\n<p>Libelle H201b<\/p>\n<p><img loading=\"lazy\" class=\"alignright size-full wp-image-6259\" src=\"http:\/\/vosges-planeurs.net\/wp-content\/uploads\/2026\/01\/451314198_10226613524024547_6902009161563879851_n1.jpg\" alt=\"\" width=\"1536\" height=\"2048\" srcset=\"https:\/\/vosges-planeurs.net\/wp-content\/uploads\/2026\/01\/451314198_10226613524024547_6902009161563879851_n1.jpg 1536w, https:\/\/vosges-planeurs.net\/wp-content\/uploads\/2026\/01\/451314198_10226613524024547_6902009161563879851_n1-225x300.jpg 225w, https:\/\/vosges-planeurs.net\/wp-content\/uploads\/2026\/01\/451314198_10226613524024547_6902009161563879851_n1-768x1024.jpg 768w, https:\/\/vosges-planeurs.net\/wp-content\/uploads\/2026\/01\/451314198_10226613524024547_6902009161563879851_n1-1152x1536.jpg 1152w\" sizes=\"(max-width: 1536px) 100vw, 1536px\" \/><\/p>\n<p><strong><em>Remorqueur:<\/em><\/strong><\/p>\n<p>ULM Ikarus<img loading=\"lazy\" class=\"alignright size-full wp-image-517\" src=\"http:\/\/vosges-planeurs.net\/wp-content\/uploads\/2018\/09\/F-JVMI.jpg\" alt=\"\" width=\"1549\" height=\"1162\" srcset=\"https:\/\/vosges-planeurs.net\/wp-content\/uploads\/2018\/09\/F-JVMI.jpg 1549w, https:\/\/vosges-planeurs.net\/wp-content\/uploads\/2018\/09\/F-JVMI-300x225.jpg 300w, https:\/\/vosges-planeurs.net\/wp-content\/uploads\/2018\/09\/F-JVMI-768x576.jpg 768w, https:\/\/vosges-planeurs.net\/wp-content\/uploads\/2018\/09\/F-JVMI-1024x768.jpg 1024w, https:\/\/vosges-planeurs.net\/wp-content\/uploads\/2018\/09\/F-JVMI-285x214.jpg 285w\" sizes=\"(max-width: 1549px) 100vw, 1549px\" \/><\/p>\n","protected":false},"excerpt":{"rendered":"<p>Composition du parc du club : Planeurs biplaces: Janus B (planeur de performance &#8211; campagne) ASK-13 (planeur \u00e9cole) Planeurs monoplace: WA-22 Super Javelot LS1-D LS3 Planeur motoris\u00e9: SF25 Planeurs priv\u00e9s: Libelle H201b Remorqueur: ULM Ikarus<\/p>\n","protected":false},"author":2,"featured_media":0,"parent":0,"menu_order":0,"comment_status":"closed","ping_status":"closed","template":"","meta":{"spay_email":""},"_links":{"self":[{"href":"https:\/\/vosges-planeurs.net\/index.php?rest_route=\/wp\/v2\/pages\/490"}],"collection":[{"href":"https:\/\/vosges-planeurs.net\/index.php?rest_route=\/wp\/v2\/pages"}],"about":[{"href":"https:\/\/vosges-planeurs.net\/index.php?rest_route=\/wp\/v2\/types\/page"}],"author":[{"embeddable":true,"href":"https:\/\/vosges-planeurs.net\/index.php?rest_route=\/wp\/v2\/users\/2"}],"replies":[{"embeddable":true,"href":"https:\/\/vosges-planeurs.net\/index.php?rest_route=%2Fwp%2Fv2%2Fcomments&post=490"}],"version-history":[{"count":7,"href":"https:\/\/vosges-planeurs.net\/index.php?rest_route=\/wp\/v2\/pages\/490\/revisions"}],"predecessor-version":[{"id":6260,"href":"https:\/\/vosges-planeurs.net\/index.php?rest_route=\/wp\/v2\/pages\/490\/revisions\/6260"}],"wp:attachment":[{"href":"https:\/\/vosges-planeurs.net\/index.php?rest_route=%2Fwp%2Fv2%2Fmedia&parent=490"}],"curies":[{"name":"wp","href":"https:\/\/api.w.org\/{rel}","templated":true}]}}