{"id":485,"date":"2018-09-09T16:00:44","date_gmt":"2018-09-09T14:00:44","guid":{"rendered":"http:\/\/vosges-planeurs.net\/?page_id=485"},"modified":"2026-04-19T20:40:44","modified_gmt":"2026-04-19T18:40:44","slug":"notre-equipe","status":"publish","type":"page","link":"https:\/\/vosges-planeurs.net\/?page_id=485","title":{"rendered":"Notre \u00e9quipe"},"content":{"rendered":"\n<div class=\"wp-container-1 wp-block-group\"><div class=\"wp-block-group__inner-container\">\n<p><em><strong>Instructeur b\u00e9n\u00e9vole :<\/strong><\/em><\/p>\n<p style=\"padding-left: 40px;\">Le chef pilote :<\/p>\n<p><em><strong>Les pilotes remorqueurs :<\/strong><\/em><\/p>\n<p>\u00a0 \u00a0 \u00a0 \u00a0 \u00a0 Quentin Thiriat<\/p>\n<p>\u00a0 \u00a0 \u00a0 \u00a0 \u00a0 G\u00e9rard Bussi\u00e8re<\/p>\n<p>\u00a0 \u00a0 \u00a0 \u00a0 \u00a0 Nicolas Bonnet<\/p>\n<p>\u00a0<\/p>\n<p><em><strong>Les membres du Bureau et du Conseil d\u2019Administration :<\/strong><\/em><\/p>\n<p style=\"padding-left: 40px;\">Pr\u00e9sident : Jean-Marc Watbot<\/p>\n<p style=\"padding-left: 40px;\">Tr\u00e9sorier : G\u00e9rard Bussi\u00e8re\u00a0<\/p>\n<p style=\"padding-left: 40px;\">Secr\u00e9taire : Quentin Thiriat\u00a0<\/p>\n<p><em><strong>Les autres membres du conseil :<\/strong><\/em><\/p>\n<p style=\"text-align: left;\">\u00a0 \u00a0 \u00a0 \u00a0 \u00a0Rapha\u00ebl Laplace\u00a0<\/p>\n<p style=\"text-align: left;\">\u00a0 \u00a0 \u00a0 \u00a0 \u00a0Nicolas Bonnet<\/p>\n<p>\u00a0 \u00a0 \u00a0 \u00a0 \u00a0Maxime Richard\u00a0<\/p>\n<p>\u00a0 \u00a0 \u00a0 \u00a0 \u00a0Lucas Hesketh<\/p>\n<p>\u00a0 \u00a0 \u00a0 \u00a0 \u00a0Mehdi Megherbi\u00a0<\/p>\n<p>\u00a0<\/p>\n<\/div><\/div>\n\n\n\n<p><\/p>\n","protected":false},"excerpt":{"rendered":"<p>Instructeur b\u00e9n\u00e9vole : Le chef pilote : Les pilotes remorqueurs : \u00a0 \u00a0 \u00a0 \u00a0 \u00a0 Quentin Thiriat \u00a0 \u00a0 \u00a0 \u00a0 \u00a0 G\u00e9rard Bussi\u00e8re \u00a0 \u00a0 \u00a0 \u00a0 \u00a0 Nicolas Bonnet \u00a0 Les membres du Bureau et du Conseil d\u2019Administration : Pr\u00e9sident : Jean-Marc Watbot Tr\u00e9sorier : G\u00e9rard Bussi\u00e8re\u00a0 Secr\u00e9taire : Quentin Thiriat\u00a0 Les <a href=\"https:\/\/vosges-planeurs.net\/?page_id=485\" rel=\"nofollow\"><span class=\"sr-only\">Read more about Notre \u00e9quipe<\/span>[&hellip;]<\/a><\/p>\n","protected":false},"author":2,"featured_media":0,"parent":0,"menu_order":0,"comment_status":"closed","ping_status":"closed","template":"","meta":{"spay_email":""},"_links":{"self":[{"href":"https:\/\/vosges-planeurs.net\/index.php?rest_route=\/wp\/v2\/pages\/485"}],"collection":[{"href":"https:\/\/vosges-planeurs.net\/index.php?rest_route=\/wp\/v2\/pages"}],"about":[{"href":"https:\/\/vosges-planeurs.net\/index.php?rest_route=\/wp\/v2\/types\/page"}],"author":[{"embeddable":true,"href":"https:\/\/vosges-planeurs.net\/index.php?rest_route=\/wp\/v2\/users\/2"}],"replies":[{"embeddable":true,"href":"https:\/\/vosges-planeurs.net\/index.php?rest_route=%2Fwp%2Fv2%2Fcomments&post=485"}],"version-history":[{"count":29,"href":"https:\/\/vosges-planeurs.net\/index.php?rest_route=\/wp\/v2\/pages\/485\/revisions"}],"predecessor-version":[{"id":6271,"href":"https:\/\/vosges-planeurs.net\/index.php?rest_route=\/wp\/v2\/pages\/485\/revisions\/6271"}],"wp:attachment":[{"href":"https:\/\/vosges-planeurs.net\/index.php?rest_route=%2Fwp%2Fv2%2Fmedia&parent=485"}],"curies":[{"name":"wp","href":"https:\/\/api.w.org\/{rel}","templated":true}]}}