{"id":31,"date":"2017-03-09T23:49:14","date_gmt":"2017-03-09T22:49:14","guid":{"rendered":"http:\/\/vosges-planeurs.net\/?page_id=31"},"modified":"2018-09-09T16:05:15","modified_gmt":"2018-09-09T14:05:15","slug":"une-section-de-page-daccueil","status":"publish","type":"page","link":"https:\/\/vosges-planeurs.net\/?page_id=31","title":{"rendered":"Une journ\u00e9e au club"},"content":{"rendered":"<p>Le matin, \u00e0 l\u2019issue du briefing m\u00e9t\u00e9o dans nos locaux, les pilotes se rendent au hangar pour sortir les planeurs du hangar, les d\u00e9housser, les \u00e9quiper de batteries et de parachutes, les emmener en bout de piste en les tractant avec notre v\u00e9hicule de piste munie d\u2019un gyrophare, il faut aussi un ailier pour tenir l\u2019aile durant ces d\u00e9placements.<\/p>\n<p>Il y a aussi du travail en piste, tenue de la planche de vol, accrochage des c\u00e2bles de remorquage, d\u00e9gagement des planeurs pos\u00e9s, etc\u2026 Pour qu\u2019un pilote puisse voler, il faut au moins 2 personnes au sol et un pilote remorqueur. Les planeurs peuvent faire des vols de plusieurs heures et parcourir des centaines de kilom\u00e8tres si la m\u00e9t\u00e9o est bonne.<\/p>\n<p>En fin de journ\u00e9e, les planeurs sont ramen\u00e9s au hangar, rang\u00e9s et nettoy\u00e9s \u00e0 la peau de chamois, houss\u00e9s et rentr\u00e9s dans le hangar. La journ\u00e9e se termine dans nos locaux pour mettre les batteries en charge, ranger les parachutes, remplir les carnets de vol, etc\u2026<\/p>\n<p>Le tout se fait dans une ambiance passionn\u00e9e et sympathique.<\/p>\n<p>N\u2019h\u00e9sitez pas \u00e0 venir faire un \u00ab\u00a0vol d\u00e9couverte\u00a0\u00bb, vous ne serez pas d\u00e9\u00e7us.<\/p>\n","protected":false},"excerpt":{"rendered":"<p>Le matin, \u00e0 l\u2019issue du briefing m\u00e9t\u00e9o dans nos locaux, les pilotes se rendent au hangar pour sortir les planeurs du hangar, les d\u00e9housser, les \u00e9quiper de batteries et de parachutes, les emmener en bout de piste en les tractant avec notre v\u00e9hicule de piste munie d\u2019un gyrophare, il faut aussi un ailier pour tenir <a href=\"https:\/\/vosges-planeurs.net\/?page_id=31\" rel=\"nofollow\"><span class=\"sr-only\">Read more about Une journ\u00e9e au club<\/span>[&hellip;]<\/a><\/p>\n","protected":false},"author":1,"featured_media":70,"parent":0,"menu_order":0,"comment_status":"closed","ping_status":"closed","template":"","meta":{"spay_email":""},"_links":{"self":[{"href":"https:\/\/vosges-planeurs.net\/index.php?rest_route=\/wp\/v2\/pages\/31"}],"collection":[{"href":"https:\/\/vosges-planeurs.net\/index.php?rest_route=\/wp\/v2\/pages"}],"about":[{"href":"https:\/\/vosges-planeurs.net\/index.php?rest_route=\/wp\/v2\/types\/page"}],"author":[{"embeddable":true,"href":"https:\/\/vosges-planeurs.net\/index.php?rest_route=\/wp\/v2\/users\/1"}],"replies":[{"embeddable":true,"href":"https:\/\/vosges-planeurs.net\/index.php?rest_route=%2Fwp%2Fv2%2Fcomments&post=31"}],"version-history":[{"count":6,"href":"https:\/\/vosges-planeurs.net\/index.php?rest_route=\/wp\/v2\/pages\/31\/revisions"}],"predecessor-version":[{"id":489,"href":"https:\/\/vosges-planeurs.net\/index.php?rest_route=\/wp\/v2\/pages\/31\/revisions\/489"}],"wp:featuredmedia":[{"embeddable":true,"href":"https:\/\/vosges-planeurs.net\/index.php?rest_route=\/wp\/v2\/media\/70"}],"wp:attachment":[{"href":"https:\/\/vosges-planeurs.net\/index.php?rest_route=%2Fwp%2Fv2%2Fmedia&parent=31"}],"curies":[{"name":"wp","href":"https:\/\/api.w.org\/{rel}","templated":true}]}}